{"id":4103,"date":"2024-05-25T22:10:14","date_gmt":"2024-05-25T20:10:14","guid":{"rendered":"https:\/\/www.lama-bfc.sk\/?post_type=product&#038;p=4103"},"modified":"2025-09-30T13:50:51","modified_gmt":"2025-09-30T11:50:51","slug":"sara-powder-pink","status":"publish","type":"product","link":"https:\/\/www.lama-bfc.sk\/de\/produkt\/sara-puderrosa\/","title":{"rendered":"Sara puderrosa"},"content":{"rendered":"","protected":false},"excerpt":{"rendered":"<p class=\"p1\"><span class=\"s1\">Das romantische Stillkleid Sara ist f\u00fcr jede Gelegenheit geeignet. Ob Sie in der Stadt spazieren gehen, ein Eis essen, zu einer Familienfeier oder in den Urlaub fahren, es wird ein wesentlicher Bestandteil Ihrer Sommertage sein. Sie sind aus feinster Viskose in einem wundersch\u00f6nen Blumendesign gefertigt. Die Rei\u00dfverschl\u00fcsse direkt unter der Brust sorgen f\u00fcr ein einfaches und sehr bequemes Stillen Ihres Babys. Die Glocken\u00e4rmel erg\u00e4nzen perfekt das Gesamtbild dieses einzigartigen Kleides. <\/span><\/p>\n<p class=\"p2\"><span class=\"s2\">Entworfen und hergestellt in der Slowakei.<\/span><\/p>","protected":false},"featured_media":4213,"template":"","meta":[],"product_brand":[],"product_cat":[151,62],"product_tag":[142],"class_list":{"0":"post-4103","1":"product","2":"type-product","3":"status-publish","4":"has-post-thumbnail","6":"product_cat-rozkvitnuta","7":"product_cat-saty","8":"product_tag-viscose","9":"","11":"first","12":"instock","13":"sale","14":"shipping-taxable","15":"purchasable","16":"product-type-variable","17":"has-default-attributes"},"jetpack_sharing_enabled":true,"_links":{"self":[{"href":"https:\/\/www.lama-bfc.sk\/de\/wp-json\/wp\/v2\/product\/4103","targetHints":{"allow":["GET"]}}],"collection":[{"href":"https:\/\/www.lama-bfc.sk\/de\/wp-json\/wp\/v2\/product"}],"about":[{"href":"https:\/\/www.lama-bfc.sk\/de\/wp-json\/wp\/v2\/types\/product"}],"wp:featuredmedia":[{"embeddable":true,"href":"https:\/\/www.lama-bfc.sk\/de\/wp-json\/wp\/v2\/media\/4213"}],"wp:attachment":[{"href":"https:\/\/www.lama-bfc.sk\/de\/wp-json\/wp\/v2\/media?parent=4103"}],"wp:term":[{"taxonomy":"product_brand","embeddable":true,"href":"https:\/\/www.lama-bfc.sk\/de\/wp-json\/wp\/v2\/product_brand?post=4103"},{"taxonomy":"product_cat","embeddable":true,"href":"https:\/\/www.lama-bfc.sk\/de\/wp-json\/wp\/v2\/product_cat?post=4103"},{"taxonomy":"product_tag","embeddable":true,"href":"https:\/\/www.lama-bfc.sk\/de\/wp-json\/wp\/v2\/product_tag?post=4103"}],"curies":[{"name":"wp","href":"https:\/\/api.w.org\/{rel}","templated":true}]}}