{"id":3790,"date":"2023-07-03T07:54:42","date_gmt":"2023-07-03T05:54:42","guid":{"rendered":"https:\/\/www.lama-bfc.sk\/?post_type=product&#038;p=3790"},"modified":"2025-08-17T10:03:33","modified_gmt":"2025-08-17T08:03:33","slug":"detsky-set","status":"publish","type":"product","link":"https:\/\/www.lama-bfc.sk\/de\/produkt\/kindergeschirr\/","title":{"rendered":"Set f\u00fcr Kinder"},"content":{"rendered":"","protected":false},"excerpt":{"rendered":"<p>Bei der neuen Kollektion haben wir auch an die Kleinen gedacht. Das Set besteht aus einem Tank-Top und Shorts, die perfekt passen. Das Tank-Top ist komplett mit Kn\u00f6pfen versehen, damit man sich bequem anziehen kann, denn wir wissen genau, dass es f\u00fcr Kinder nichts L\u00e4stigeres gibt, oder? Es braucht nur einen Windelwechsel, um das zu \u00fcbertrumpfen \ud83d\ude00 Das Set ist aus recycelten Materialien hergestellt, bei deren Herstellung ein Vielfaches weniger Wasser, CO2 und Energie verbraucht wird als bei herk\u00f6mmlichen Materialien. Die JUICY-Kollektion ist frisch, saftig, verspielt und unser origineller Druck macht sie aus. Suchen Sie sich einfach etwas aus. \ud83d\ude42<\/p>","protected":false},"featured_media":3853,"template":"","meta":[],"product_brand":[],"product_cat":[103,99],"product_tag":[98],"class_list":{"0":"post-3790","1":"product","2":"type-product","3":"status-publish","4":"has-post-thumbnail","6":"product_cat-detske-oblecenie","7":"product_cat-lama-kids","8":"product_tag-recycled","9":"","11":"first","12":"instock","13":"sale","14":"shipping-taxable","15":"purchasable","16":"product-type-variable"},"jetpack_sharing_enabled":true,"_links":{"self":[{"href":"https:\/\/www.lama-bfc.sk\/de\/wp-json\/wp\/v2\/product\/3790","targetHints":{"allow":["GET"]}}],"collection":[{"href":"https:\/\/www.lama-bfc.sk\/de\/wp-json\/wp\/v2\/product"}],"about":[{"href":"https:\/\/www.lama-bfc.sk\/de\/wp-json\/wp\/v2\/types\/product"}],"wp:featuredmedia":[{"embeddable":true,"href":"https:\/\/www.lama-bfc.sk\/de\/wp-json\/wp\/v2\/media\/3853"}],"wp:attachment":[{"href":"https:\/\/www.lama-bfc.sk\/de\/wp-json\/wp\/v2\/media?parent=3790"}],"wp:term":[{"taxonomy":"product_brand","embeddable":true,"href":"https:\/\/www.lama-bfc.sk\/de\/wp-json\/wp\/v2\/product_brand?post=3790"},{"taxonomy":"product_cat","embeddable":true,"href":"https:\/\/www.lama-bfc.sk\/de\/wp-json\/wp\/v2\/product_cat?post=3790"},{"taxonomy":"product_tag","embeddable":true,"href":"https:\/\/www.lama-bfc.sk\/de\/wp-json\/wp\/v2\/product_tag?post=3790"}],"curies":[{"name":"wp","href":"https:\/\/api.w.org\/{rel}","templated":true}]}}