{"id":3765,"date":"2023-06-27T17:36:31","date_gmt":"2023-06-27T15:36:31","guid":{"rendered":"https:\/\/www.lama-bfc.sk\/?post_type=product&#038;p=3765"},"modified":"2025-11-23T15:54:56","modified_gmt":"2025-11-23T14:54:56","slug":"detske-trakace","status":"publish","type":"product","link":"https:\/\/www.lama-bfc.sk\/de\/produkt\/kinderzahnspange\/","title":{"rendered":"Schubkarren f\u00fcr Kinder"},"content":{"rendered":"","protected":false},"excerpt":{"rendered":"<p>Wir haben unseren treuen Schubkarren ein kleines Makeover verpasst, indem wir sie aus tollem recyceltem Garn gen\u00e4ht und mit unseren typischen saftigen Pfirsich-, Feigen- und Pitahaya-Prints versehen haben. Der nackte R\u00fccken ist im Sommer sehr angenehm, und an k\u00fchleren Tagen kannst du die Spange mit einem T-Shirt kombinieren und los geht's \ud83d\ude42 Die Spange hat bis zu 3 Reihen von L\u00f6chern f\u00fcr eine perfekte Passform und um mit deinen Kindern zu wachsen.<\/p>","protected":false},"featured_media":3858,"template":"","meta":[],"product_brand":[],"product_cat":[103,99],"product_tag":[98],"class_list":{"0":"post-3765","1":"product","2":"type-product","3":"status-publish","4":"has-post-thumbnail","6":"product_cat-detske-oblecenie","7":"product_cat-lama-kids","8":"product_tag-recycled","9":"","11":"first","12":"instock","13":"sale","14":"shipping-taxable","15":"purchasable","16":"product-type-variable"},"jetpack_sharing_enabled":true,"_links":{"self":[{"href":"https:\/\/www.lama-bfc.sk\/de\/wp-json\/wp\/v2\/product\/3765","targetHints":{"allow":["GET"]}}],"collection":[{"href":"https:\/\/www.lama-bfc.sk\/de\/wp-json\/wp\/v2\/product"}],"about":[{"href":"https:\/\/www.lama-bfc.sk\/de\/wp-json\/wp\/v2\/types\/product"}],"wp:featuredmedia":[{"embeddable":true,"href":"https:\/\/www.lama-bfc.sk\/de\/wp-json\/wp\/v2\/media\/3858"}],"wp:attachment":[{"href":"https:\/\/www.lama-bfc.sk\/de\/wp-json\/wp\/v2\/media?parent=3765"}],"wp:term":[{"taxonomy":"product_brand","embeddable":true,"href":"https:\/\/www.lama-bfc.sk\/de\/wp-json\/wp\/v2\/product_brand?post=3765"},{"taxonomy":"product_cat","embeddable":true,"href":"https:\/\/www.lama-bfc.sk\/de\/wp-json\/wp\/v2\/product_cat?post=3765"},{"taxonomy":"product_tag","embeddable":true,"href":"https:\/\/www.lama-bfc.sk\/de\/wp-json\/wp\/v2\/product_tag?post=3765"}],"curies":[{"name":"wp","href":"https:\/\/api.w.org\/{rel}","templated":true}]}}