{"id":3763,"date":"2023-07-03T07:57:31","date_gmt":"2023-07-03T05:57:31","guid":{"rendered":"https:\/\/www.lama-bfc.sk\/?post_type=product&#038;p=3763"},"modified":"2025-08-17T09:57:11","modified_gmt":"2025-08-17T07:57:11","slug":"detske-saty","status":"publish","type":"product","link":"https:\/\/www.lama-bfc.sk\/de\/produkt\/kinderkleider\/","title":{"rendered":"Kinderkleider"},"content":{"rendered":"","protected":false},"excerpt":{"rendered":"<p>M\u00e4dchen + Sommer = Kleider...und nicht nur irgendwelche Kleider \ud83d\ude42 Im Sommer kann man das Kleid gut tragen und an k\u00fchleren Tagen mit einem T-Shirt oder sogar Leggings erg\u00e4nzen. So bekommt man ein St\u00fcck, das man das ganze Jahr \u00fcber tragen kann \ud83d\ude42 Die Tr\u00e4ger haben 2 Reihen von L\u00f6chern, so dass das Kleid perfekt sitzt und mit den Prinzessinnen mitwachsen kann. Die Kleider sind aus recycelten Materialien hergestellt, die viel Wasser, CO2 und Energie sparen.<\/p>","protected":false},"featured_media":3865,"template":"","meta":[],"product_brand":[],"product_cat":[103,99],"product_tag":[98],"class_list":{"0":"post-3763","1":"product","2":"type-product","3":"status-publish","4":"has-post-thumbnail","6":"product_cat-detske-oblecenie","7":"product_cat-lama-kids","8":"product_tag-recycled","9":"","11":"first","12":"instock","13":"sale","14":"shipping-taxable","15":"purchasable","16":"product-type-variable"},"jetpack_sharing_enabled":true,"_links":{"self":[{"href":"https:\/\/www.lama-bfc.sk\/de\/wp-json\/wp\/v2\/product\/3763","targetHints":{"allow":["GET"]}}],"collection":[{"href":"https:\/\/www.lama-bfc.sk\/de\/wp-json\/wp\/v2\/product"}],"about":[{"href":"https:\/\/www.lama-bfc.sk\/de\/wp-json\/wp\/v2\/types\/product"}],"wp:featuredmedia":[{"embeddable":true,"href":"https:\/\/www.lama-bfc.sk\/de\/wp-json\/wp\/v2\/media\/3865"}],"wp:attachment":[{"href":"https:\/\/www.lama-bfc.sk\/de\/wp-json\/wp\/v2\/media?parent=3763"}],"wp:term":[{"taxonomy":"product_brand","embeddable":true,"href":"https:\/\/www.lama-bfc.sk\/de\/wp-json\/wp\/v2\/product_brand?post=3763"},{"taxonomy":"product_cat","embeddable":true,"href":"https:\/\/www.lama-bfc.sk\/de\/wp-json\/wp\/v2\/product_cat?post=3763"},{"taxonomy":"product_tag","embeddable":true,"href":"https:\/\/www.lama-bfc.sk\/de\/wp-json\/wp\/v2\/product_tag?post=3763"}],"curies":[{"name":"wp","href":"https:\/\/api.w.org\/{rel}","templated":true}]}}