{"id":3287,"date":"2022-05-27T08:50:42","date_gmt":"2022-05-27T06:50:42","guid":{"rendered":"https:\/\/www.lama-bfc.sk\/?post_type=product&#038;p=3287"},"modified":"2025-12-14T13:51:16","modified_gmt":"2025-12-14T12:51:16","slug":"saty-sunny-dreamer","status":"publish","type":"product","link":"https:\/\/www.lama-bfc.sk\/de\/produkt\/sunny-dreamer-kleid\/","title":{"rendered":"Kleid Sunny Dreamer"},"content":{"rendered":"<p>Tencel-Fasern werden aus rohem Eukalyptusholz gewonnen, um ein einzigartiges Material herzustellen, das weicher als Seide ist und Wasser viel schneller aufnehmen kann als Baumwollfasern. Der Wasserverbrauch dieses Materials ist 10 bis 20 Mal niedriger als beispielsweise bei Baumwolle.<br \/>\nTencl Kleid ist in einer Universalgr\u00f6\u00dfe hergestellt und hat einen einzigartigen Schnitt. Mit dem elastischen Kordelzug k\u00f6nnen Sie die L\u00e4nge des Kleides, die Weite und sogar die L\u00e4nge der \u00c4rmel ganz einfach anpassen und das Stillen in diesem Kleid k\u00f6nnte nicht einfacher sein. F\u00fcr die Femme-Kollektion haben wir mit der talentierten Illustratorin und Tattoo-K\u00fcnstlerin Petya Ziackkova zusammengearbeitet, die wundersch\u00f6ne Illustrationen f\u00fcr den Druck dieses Kleides und der anderen Teile der Kollektion geschaffen hat.<\/p>","protected":false},"excerpt":{"rendered":"<p><strong>UNI-Gr\u00f6\u00dfe<\/strong><\/p>","protected":false},"featured_media":3252,"template":"","meta":[],"product_brand":[],"product_cat":[115,62],"product_tag":[],"class_list":{"0":"post-3287","1":"product","2":"type-product","3":"status-publish","4":"has-post-thumbnail","6":"product_cat-femme","7":"product_cat-saty","8":"","10":"first","11":"instock","12":"sale","13":"shipping-taxable","14":"purchasable","15":"product-type-simple"},"jetpack_sharing_enabled":true,"_links":{"self":[{"href":"https:\/\/www.lama-bfc.sk\/de\/wp-json\/wp\/v2\/product\/3287","targetHints":{"allow":["GET"]}}],"collection":[{"href":"https:\/\/www.lama-bfc.sk\/de\/wp-json\/wp\/v2\/product"}],"about":[{"href":"https:\/\/www.lama-bfc.sk\/de\/wp-json\/wp\/v2\/types\/product"}],"wp:featuredmedia":[{"embeddable":true,"href":"https:\/\/www.lama-bfc.sk\/de\/wp-json\/wp\/v2\/media\/3252"}],"wp:attachment":[{"href":"https:\/\/www.lama-bfc.sk\/de\/wp-json\/wp\/v2\/media?parent=3287"}],"wp:term":[{"taxonomy":"product_brand","embeddable":true,"href":"https:\/\/www.lama-bfc.sk\/de\/wp-json\/wp\/v2\/product_brand?post=3287"},{"taxonomy":"product_cat","embeddable":true,"href":"https:\/\/www.lama-bfc.sk\/de\/wp-json\/wp\/v2\/product_cat?post=3287"},{"taxonomy":"product_tag","embeddable":true,"href":"https:\/\/www.lama-bfc.sk\/de\/wp-json\/wp\/v2\/product_tag?post=3287"}],"curies":[{"name":"wp","href":"https:\/\/api.w.org\/{rel}","templated":true}]}}