{"id":3198,"date":"2022-05-24T19:00:43","date_gmt":"2022-05-24T17:00:43","guid":{"rendered":"https:\/\/www.lama-bfc.sk\/?post_type=product&#038;p=3198"},"modified":"2025-10-23T11:26:03","modified_gmt":"2025-10-23T09:26:03","slug":"overal-alma","status":"publish","type":"product","link":"https:\/\/www.lama-bfc.sk\/de\/produkt\/alma-umstandsmode\/","title":{"rendered":"Latzhose Alma"},"content":{"rendered":"<p>Wir haben unser und vor allem euer Lieblingsst\u00fcck aus dem letzten Jahr in die diesj\u00e4hrige FEMME by Lama Kollektion aufgenommen. Wir haben den Schnitt leicht ver\u00e4ndert und die Tr\u00e4ger in ein Band umgewandelt, so dass jeder von euch es individuell anpassen kann. Dies ist eine Universalgr\u00f6\u00dfe. Es ist aus einem breiten Stoff geschnitten und wird in der Taille mit einem G\u00fcrtel zusammengehalten. Komplett mit Stickerei auf der Brust. Der Musselin ist ein sehr sch\u00f6nes und luftiges Material f\u00fcr den Sommer und nat\u00fcrlich ist es GOTS-zertifizierte Bio-Baumwolle \ud83d\ude42 .<\/p>","protected":false},"excerpt":{"rendered":"<p><strong>UNI-Gr\u00f6\u00dfe<\/strong><\/p>\n[video width=\"1080\" height=\"1920\" mp4=\"https:\/\/www.lama-bfc.sk\/wp-content\/uploads\/2022\/05\/Lama_1-V.1.1.mp4\"][\/video]","protected":false},"featured_media":3233,"template":"","meta":[],"product_brand":[],"product_cat":[115,72],"product_tag":[95],"class_list":{"0":"post-3198","1":"product","2":"type-product","3":"status-publish","4":"has-post-thumbnail","6":"product_cat-femme","7":"product_cat-overaly","8":"product_tag-organiccotton","9":"","11":"first","12":"outofstock","13":"sale","14":"shipping-taxable","15":"purchasable","16":"product-type-simple"},"jetpack_sharing_enabled":true,"_links":{"self":[{"href":"https:\/\/www.lama-bfc.sk\/de\/wp-json\/wp\/v2\/product\/3198","targetHints":{"allow":["GET"]}}],"collection":[{"href":"https:\/\/www.lama-bfc.sk\/de\/wp-json\/wp\/v2\/product"}],"about":[{"href":"https:\/\/www.lama-bfc.sk\/de\/wp-json\/wp\/v2\/types\/product"}],"wp:featuredmedia":[{"embeddable":true,"href":"https:\/\/www.lama-bfc.sk\/de\/wp-json\/wp\/v2\/media\/3233"}],"wp:attachment":[{"href":"https:\/\/www.lama-bfc.sk\/de\/wp-json\/wp\/v2\/media?parent=3198"}],"wp:term":[{"taxonomy":"product_brand","embeddable":true,"href":"https:\/\/www.lama-bfc.sk\/de\/wp-json\/wp\/v2\/product_brand?post=3198"},{"taxonomy":"product_cat","embeddable":true,"href":"https:\/\/www.lama-bfc.sk\/de\/wp-json\/wp\/v2\/product_cat?post=3198"},{"taxonomy":"product_tag","embeddable":true,"href":"https:\/\/www.lama-bfc.sk\/de\/wp-json\/wp\/v2\/product_tag?post=3198"}],"curies":[{"name":"wp","href":"https:\/\/api.w.org\/{rel}","templated":true}]}}