{"id":3176,"date":"2022-05-24T19:02:33","date_gmt":"2022-05-24T17:02:33","guid":{"rendered":"https:\/\/www.lama-bfc.sk\/?post_type=product&#038;p=3176"},"modified":"2026-04-26T18:53:34","modified_gmt":"2026-04-26T16:53:34","slug":"lanovy-set-femme","status":"publish","type":"product","link":"https:\/\/www.lama-bfc.sk\/de\/produkt\/seilset-femme\/","title":{"rendered":"W\u00e4schegarnitur FEMME"},"content":{"rendered":"<p>Shorts mit hoher Taille und modischem Croptop. Dieses Set aus vorgewaschenem Leinen wird in diesem Sommer Ihre zweite Haut sein. Die Vorteile von Leinen m\u00fcssen wahrscheinlich nicht erw\u00e4hnt werden... aber hier sind ein paar. Leinen ist ein nat\u00fcrliches Material, es ist antibakteriell, leicht, luftig und angenehm k\u00fchlend. Dieses Material erg\u00e4nzt perfekt unsere Familie nachhaltiger Materialien in der neuen Kollektion Femme by Lama. Wir haben das Croptop mit einer einzigartigen Stickerei auf der Brust und abgedeckten Unterarm-Rei\u00dfverschl\u00fcssen f\u00fcr bequemes Stillen verziert. Die Shorts sind in einer bequemen, lockeren Passform geschnitten.<\/p>","protected":false},"excerpt":{"rendered":"[video width=\"1080\" height=\"1920\" mp4=\"https:\/\/www.lama-bfc.sk\/wp-content\/uploads\/2022\/05\/Lama_3-V.1.1.mp4\"][\/video]","protected":false},"featured_media":3265,"template":"","meta":[],"product_brand":[],"product_cat":[115,116],"product_tag":[],"class_list":{"0":"post-3176","1":"product","2":"type-product","3":"status-publish","4":"has-post-thumbnail","6":"product_cat-femme","7":"product_cat-sety","8":"","10":"first","11":"instock","12":"sale","13":"shipping-taxable","14":"purchasable","15":"product-type-variable"},"jetpack_sharing_enabled":true,"_links":{"self":[{"href":"https:\/\/www.lama-bfc.sk\/de\/wp-json\/wp\/v2\/product\/3176","targetHints":{"allow":["GET"]}}],"collection":[{"href":"https:\/\/www.lama-bfc.sk\/de\/wp-json\/wp\/v2\/product"}],"about":[{"href":"https:\/\/www.lama-bfc.sk\/de\/wp-json\/wp\/v2\/types\/product"}],"wp:featuredmedia":[{"embeddable":true,"href":"https:\/\/www.lama-bfc.sk\/de\/wp-json\/wp\/v2\/media\/3265"}],"wp:attachment":[{"href":"https:\/\/www.lama-bfc.sk\/de\/wp-json\/wp\/v2\/media?parent=3176"}],"wp:term":[{"taxonomy":"product_brand","embeddable":true,"href":"https:\/\/www.lama-bfc.sk\/de\/wp-json\/wp\/v2\/product_brand?post=3176"},{"taxonomy":"product_cat","embeddable":true,"href":"https:\/\/www.lama-bfc.sk\/de\/wp-json\/wp\/v2\/product_cat?post=3176"},{"taxonomy":"product_tag","embeddable":true,"href":"https:\/\/www.lama-bfc.sk\/de\/wp-json\/wp\/v2\/product_tag?post=3176"}],"curies":[{"name":"wp","href":"https:\/\/api.w.org\/{rel}","templated":true}]}}