{"id":1223,"date":"2021-03-04T12:10:04","date_gmt":"2021-03-04T11:10:04","guid":{"rendered":"https:\/\/www2.lama-bfc.sk\/?page_id=1223"},"modified":"2024-11-26T14:47:09","modified_gmt":"2024-11-26T13:47:09","slug":"zasady-ochrany-osobnych-udajov","status":"publish","type":"page","link":"https:\/\/www.lama-bfc.sk\/de\/regeln-fur-den-schutz-personenbezogener-daten\/","title":{"rendered":"Datenschutzbestimmungen"},"content":{"rendered":"<h2><span style=\"font-size: 18pt;\">Wer wir sind<\/span><\/h2>\n<span style=\"font-size: 14pt;\"><!-- \/wp:post-content --><!-- wp:paragraph --><\/span>\n\n<span style=\"font-size: 14pt;\">Der E-Shop https:\/\/www.lama-bfc.sk wird von der LAMA betrieben (Ing. Andrea Saynykov\u00e1, Obi\u0161ovce 54, 044 81 Ko\u0161ice. Andrea Saynykov\u00e1, Obi\u0161ovce 54, 044 81 Ko\u0161ice.ID:47985984, eingetragen im Gewerbeamt Komensk\u00e9ho 52, 041 26 Ko\u0161ice).<\/span>\n\n<span style=\"font-size: 14pt;\">- Wir verarbeiten Ihre personenbezogenen Daten nur auf rechtm\u00e4\u00dfige, professionelle und sensible Weise.<\/span>\n<span style=\"font-size: 14pt;\">- Ihre pers\u00f6nlichen Daten werden in einem sicheren Informationssystem mit SSL-verschl\u00fcsseltem Zugang und einer Firewall auf unserer Website gespeichert.<\/span>\n<span style=\"font-size: 14pt;\">- Alle Personen, die auf Seiten des f\u00fcr die Verarbeitung Verantwortlichen mit Ihren personenbezogenen Daten in Ber\u00fchrung kommen, werden ordnungsgem\u00e4\u00df \u00fcber die rechtm\u00e4\u00dfige Behandlung Ihrer personenbezogenen Daten unterrichtet und sind zur Vertraulichkeit verpflichtet (der Absender des Pakets und der Verwalter des E-Shops).<\/span>\n\n<span style=\"font-size: 14pt;\">- Wir erheben von Ihnen nur die Daten, die notwendig sind, um den Zweck zu erf\u00fcllen, f\u00fcr den Sie uns kontaktiert haben<\/span>\n<span style=\"font-size: 14pt;\">&#8211; m\u00f4\u017eete n\u00e1s kedyko\u013evek po\u017eiada\u0165 o zmazanie hist\u00f3rie na\u0161ej e-mailovej komunik\u00e1cie, datab\u00e1ze objedn\u00e1vok \u010di kompletn\u00e9ho \u00fa\u010dtu z n\u00e1\u0161ho syst\u00e9mu a to emailom na adresu lamabfc@gmail.com<\/span>\n<h2><span style=\"font-size: 18pt;\">Welche pers\u00f6nlichen Daten wir sammeln und warum wir sie sammeln<\/span><\/h2>\n<span style=\"font-size: 14pt;\"><!-- \/wp:paragraph --><!-- wp:heading \/--><!-- wp:heading {\"level\":3} --><\/span>\n\n<strong><span style=\"font-size: 14pt;\">Kommentare<\/span><\/strong>\n\n<span style=\"font-size: 14pt;\"><!-- \/wp:heading --><!-- wp:paragraph --><\/span>\n\n<span style=\"font-size: 14pt;\">Wenn Website-Besucher Kommentare auf der Website hinterlassen, sammeln wir die Daten, die im Kommentarformular angezeigt werden, sowie die IP-Adresse und den Browser-Benutzer-Agenten des Benutzers zum Schutz vor Spam.<\/span>\n\n<span style=\"font-size: 14pt;\"><!-- \/wp:paragraph --><!-- wp:paragraph --><\/span>\n\n<span style=\"font-size: 14pt;\">Eine anonymisierte Zeichenfolge, die aus Ihrer E-Mail-Adresse erstellt wird (auch Hash genannt), kann Gravatar zur Verf\u00fcgung gestellt werden, um zu \u00fcberpr\u00fcfen, dass Sie es verwenden. Die Datenschutzbestimmungen von Gravatar finden Sie unter: https:\/\/automattic.com\/privacy\/. Sobald Ihr Kommentar genehmigt wurde, wird Ihr Profilfoto zusammen mit dem Inhalt Ihres Kommentars \u00f6ffentlich angezeigt.<\/span>\n\n<span style=\"font-size: 14pt;\"><!-- \/wp:paragraph --><!-- wp:heading {\"level\":3} --><\/span>\n<h3><span style=\"font-size: 14pt;\">Multimedia<\/span><\/h3>\n<span style=\"font-size: 14pt;\"><!-- \/wp:heading --><!-- wp:paragraph --><\/span>\n\n<span style=\"font-size: 14pt;\">Wenn Sie Bilder auf eine Website hochladen, sollten Sie es vermeiden, Bilder mit EXIF-GPS-Standortdaten hochzuladen. Die Besucher der Website k\u00f6nnen alle Standortdaten von den Bildern herunterladen und anzeigen.<\/span>\n\n<span style=\"font-size: 14pt;\"><!-- \/wp:paragraph --><!-- wp:heading {\"level\":3} --><\/span>\n<h3><span style=\"font-size: 14pt;\">Kontaktformulare<\/span><\/h3>\n<span style=\"font-size: 14pt;\">Wenn Website-Besucher eine Nachricht auf der Website hinterlassen, sammeln wir zum Schutz vor Spam die Daten, die in das Formular eingegeben werden, sowie die IP-Adresse des Benutzers und den User-Agent des Browsers.<\/span>\n\n<span style=\"font-size: 14pt;\"><!-- \/wp:heading --><!-- wp:heading {\"level\":3} --><\/span>\n\n<strong><span style=\"font-size: 14pt;\">Cookies<\/span><\/strong>\n\n<span style=\"font-size: 14pt;\"><!-- \/wp:heading --><!-- wp:paragraph --><\/span>\n\n<span style=\"font-size: 14pt;\">Wenn Sie einen Kommentar auf unserer Website abgeben, k\u00f6nnen Sie der Speicherung Ihres Namens, Ihrer E-Mail-Adresse und Ihrer Website in Cookies zustimmen. Dies dient Ihrer Bequemlichkeit, damit Sie Ihre Angaben nicht erneut eingeben m\u00fcssen, wenn Sie Ihren n\u00e4chsten Kommentar abgeben. Diese Cookies sind ein Jahr lang g\u00fcltig.<\/span>\n\n<span style=\"font-size: 14pt;\"><!-- \/wp:paragraph --><!-- wp:paragraph --><\/span>\n\n<span style=\"font-size: 14pt;\">Wenn Sie ein Konto auf unserer Website haben und sich einloggen, speichern wir tempor\u00e4re Cookies, um festzustellen, ob Ihr Browser Cookies akzeptiert. Diese Cookies enthalten keine pers\u00f6nlichen Informationen und werden gel\u00f6scht, wenn Sie Ihren Browser schlie\u00dfen.<\/span>\n\n<span style=\"font-size: 14pt;\"><!-- \/wp:paragraph --><!-- wp:paragraph --><\/span>\n\n<span style=\"font-size: 14pt;\">Wenn Sie sich anmelden, setzen wir eine Reihe von Cookies, um Ihre Anmeldedaten und Anzeigeeinstellungen zu speichern. Login-Cookies sind zwei Tage lang g\u00fcltig, Display-Einstellungen ein Jahr lang. Wenn Sie die Option \"Merken\" w\u00e4hlen, ist Ihr Login zwei Wochen lang g\u00fcltig. Wenn Sie sich von Ihrem Konto abmelden, werden die Cookies gel\u00f6scht.<\/span>\n\n<span style=\"font-size: 14pt;\"><!-- \/wp:paragraph --><!-- wp:paragraph --><\/span>\n\n<span style=\"font-size: 14pt;\">Wenn Sie einen Artikel bearbeiten oder ver\u00f6ffentlichen, werden zus\u00e4tzliche Cookies in Ihrem Browser gespeichert. Diese Cookies enthalten keine pers\u00f6nlichen Daten und beziehen sich nur auf die ID des Artikels, den Sie bearbeitet haben. Die Dateien sind 1 Tag lang g\u00fcltig.<\/span>\n\n<span style=\"font-size: 14pt;\"><!-- \/wp:paragraph --><!-- wp:heading {\"level\":3} --><\/span>\n\n<strong><span style=\"font-size: 14pt;\">Eingebettete Inhalte von anderen Websites<\/span><\/strong>\n\n<span style=\"font-size: 14pt;\"><!-- \/wp:heading --><!-- wp:paragraph --><\/span>\n\n<span style=\"font-size: 14pt;\">Die Artikel auf dieser Website k\u00f6nnen eingebettete Inhalte (z. B. Videos, Bilder, Artikel usw.) enthalten. Eingebettete Inhalte von anderen Websites verhalten sich genauso, als ob der Besucher eine andere Website besucht h\u00e4tte.<\/span>\n\n<span style=\"font-size: 14pt;\"><!-- \/wp:paragraph --><!-- wp:paragraph --><\/span>\n\n<span style=\"font-size: 14pt;\">Diese Websites k\u00f6nnen pers\u00f6nliche Daten \u00fcber Sie sammeln, Cookies verwenden, Tracking durch Dritte einbetten und Ihre Interaktion mit eingebetteten Inhalten \u00fcberwachen, einschlie\u00dflich der Verfolgung Ihrer Interaktion mit eingebetteten Inhalten, wenn Sie ein Konto haben und auf dieser Website angemeldet sind.<\/span>\n\n<span style=\"font-size: 14pt;\"><!-- \/wp:paragraph --><!-- wp:heading {\"level\":3} --><\/span>\n\n<strong><span style=\"font-size: 14pt;\">Analytik<\/span><\/strong>\n<div><span style=\"font-size: 14pt;\">Wenn Sie auf der Website surfen, erfassen wir Daten wie IP-Adresse, Standort und Benutzer-Agent zu Analysezwecken.<\/span><\/div>\n<div><\/div>\n<span style=\"font-size: 14pt;\"><!-- \/wp:heading --><!-- wp:heading --><\/span>\n<h2><span style=\"font-size: 18pt;\">Mit wem wir Ihre Daten teilen<\/span><\/h2>\n<span style=\"font-size: 14pt;\">\u00a0Wir geben keine Daten an Dritte weiter. Wir speichern Benutzerkonten auf unserer Website, Ihre Bestellungen, Nachrichten auf unserem eigenen Server und geben sie niemals an Dritte weiter.<\/span>\n\n<span style=\"font-size: 14pt;\"><!-- \/wp:heading --><!-- wp:heading --><\/span>\n<h2><span style=\"font-size: 18pt;\">Wie lange wir Ihre Daten aufbewahren<\/span><\/h2>\n<span style=\"font-size: 14pt;\"><!-- \/wp:heading --><!-- wp:paragraph --><\/span>\n\n<span style=\"font-size: 14pt;\">Beim Hinzuf\u00fcgen eines Kommentars werden der Kommentar und seine Metadaten getrennt gehalten. Auf diese Weise k\u00f6nnen wir automatisch alle zugeh\u00f6rigen Kommentare erkennen und genehmigen, ohne sie zur Moderation zur\u00fcckstellen zu m\u00fcssen.<\/span>\n\n<span style=\"font-size: 14pt;\"><!-- \/wp:paragraph --><!-- wp:paragraph --><\/span>\n\n<span style=\"font-size: 14pt;\">Bei Nutzern, die sich auf unserer Website registrieren (falls vorhanden), speichern wir die von ihnen angegebenen personenbezogenen Daten auch in ihrem Nutzerprofil. Alle Nutzer k\u00f6nnen ihre pers\u00f6nlichen Daten (mit Ausnahme von Nutzer\u00e4nderungen) jederzeit einsehen, bearbeiten oder l\u00f6schen. Website-Administratoren k\u00f6nnen diese Informationen ebenfalls einsehen und bearbeiten.<\/span>\n\n<span style=\"font-size: 14pt;\"><!-- \/wp:paragraph --><!-- wp:heading --><\/span>\n<h2><span style=\"font-size: 18pt;\">Welche Rechte Sie an Ihren Daten haben<\/span><\/h2>\n<span style=\"font-size: 14pt;\"><!-- \/wp:heading --><!-- wp:paragraph --><\/span>\n\n<span style=\"font-size: 14pt;\">Wenn Sie ein Konto auf dieser Website haben oder hier einen Kommentar abgegeben haben, k\u00f6nnen Sie einen Export der von uns \u00fcber Sie gespeicherten personenbezogenen Daten beantragen, einschlie\u00dflich der Daten, die Sie uns zur Verf\u00fcgung gestellt haben. Sie k\u00f6nnen auch verlangen, dass Ihre personenbezogenen Daten gel\u00f6scht werden. Dies gilt jedoch nicht f\u00fcr Daten, die wir aus verwaltungstechnischen, rechtlichen oder sicherheitstechnischen Gr\u00fcnden \u00fcber Sie aufbewahren m\u00fcssen.<\/span>\n\n<span style=\"font-size: 14pt;\"><!-- \/wp:paragraph --><!-- wp:heading --><\/span>\n<h2><span style=\"font-size: 18pt;\">Wohin wir Ihre Daten senden<\/span><\/h2>\n<span style=\"font-size: 14pt;\"><!-- \/wp:heading --><!-- wp:paragraph --><\/span>\n\n<span style=\"font-size: 14pt;\">Besucherkommentare k\u00f6nnen von einem automatischen Spam-Erkennungsdienst \u00fcberpr\u00fcft werden.<\/span>\n\n<span style=\"font-size: 14pt;\"><!-- \/wp:paragraph --><!-- wp:heading --><\/span>\n<h2><span style=\"font-size: 18pt;\">Ihre Kontaktinformationen<\/span><\/h2>\n<span style=\"font-size: 14pt;\">E-Shop www.lama-bfc.sk speichert Ihre pers\u00f6nlichen Daten, wenn Sie unser Kunde sind und sich \u00fcber den Online-Shop registriert haben.<\/span>\n\n<span style=\"font-size: 14pt;\">Wir speichern die folgenden Informationen \u00fcber registrierte Benutzer, die obligatorisch sind, wenn Sie Kunde in unserem Shop sind:<\/span>\n<ul>\n \t<li><span style=\"font-size: 14pt;\">Vorname und Nachname<\/span><\/li>\n \t<li><span style=\"font-size: 14pt;\">E-Mail<\/span><\/li>\n \t<li><span style=\"font-size: 14pt;\">Rechnungsadresse des Kunden<\/span>\n<ul>\n \t<li><span style=\"font-size: 14pt;\">Vorname<\/span><\/li>\n \t<li><span style=\"font-size: 14pt;\">Nachname<\/span><\/li>\n \t<li><span style=\"font-size: 14pt;\">Firmenname<\/span><\/li>\n \t<li><span style=\"font-size: 14pt;\">Adresse<\/span><\/li>\n \t<li><span style=\"font-size: 14pt;\">Stadt<\/span><\/li>\n \t<li><span style=\"font-size: 14pt;\">POSTCODE<\/span><\/li>\n \t<li><span style=\"font-size: 14pt;\">Telefon<\/span><\/li>\n<\/ul>\n<\/li>\n \t<li><span style=\"font-size: 14pt;\">Die Lieferadresse des Kunden<\/span>\n<ul>\n \t<li><span style=\"font-size: 14pt;\">Vorname<\/span><\/li>\n \t<li><span style=\"font-size: 14pt;\">Nachname<\/span><\/li>\n \t<li><span style=\"font-size: 14pt;\">Firmenname<\/span><\/li>\n \t<li><span style=\"font-size: 14pt;\">Adresse<\/span><\/li>\n \t<li><span style=\"font-size: 14pt;\">Stadt<\/span><\/li>\n \t<li><span style=\"font-size: 14pt;\">POSTCODE<\/span><\/li>\n<\/ul>\n<\/li>\n \t<li><span style=\"font-size: 14pt;\">Diese Daten werden in elektronischer Form gespeichert. Wenn Sie Ihre Daten nach Beendigung der Zusammenarbeit l\u00f6schen m\u00f6chten, wenden Sie sich bitte per E-Mail oder online an uns <a href=\"https:\/\/www.lama-bfc.sk\/de\/formular-na-zrusenie-spracovania-osobnych-udajov\/?wmc-currency=EUR\">Online-Formular<\/a>. Ihre Daten werden dann unwiderruflich gel\u00f6scht.<\/span><\/li>\n<\/ul>\n<span style=\"font-size: 14pt;\"><!-- \/wp:heading --><!-- wp:heading --><\/span>\n<h2><span style=\"font-size: 18pt;\">Wie wir Ihre Daten sch\u00fctzen<\/span><\/h2>\n<span style=\"font-size: 14pt;\">Die Daten\u00fcbertragung ist durch Verschl\u00fcsselung gesichert. Die Daten werden in einer sicheren Datenbank gespeichert, zu der nur autorisierte Personen Zugang haben und die wir gegen Besch\u00e4digung, Zerst\u00f6rung, Verlust oder Missbrauch sch\u00fctzen. Alle unsere Mitarbeiter, die mit den Daten in Ber\u00fchrung kommen, sind ordnungsgem\u00e4\u00df in den korrekten Umgang mit den Daten eingewiesen worden. Wir werden Ihre personenbezogenen Daten nicht an Dritte weitergeben, offenlegen oder zur Verf\u00fcgung stellen. Ausnahmen k\u00f6nnen die gesetzlich abschlie\u00dfend aufgef\u00fchrten F\u00e4lle sein - staatliche Beh\u00f6rden zum Zwecke der Untersuchung und Kontrolle.<\/span>\n<h2><span style=\"font-size: 18pt;\">Was sind unsere Verfahren f\u00fcr Datenlecks?<\/span><\/h2>\n<span style=\"font-size: 14pt;\">Sollten wir Kenntnis davon erhalten, dass personenbezogene Daten von unserer Website nach au\u00dfen gelangt sind, werden wir dies der Datenschutzbeh\u00f6rde \u00fcber das Meldeformular auf der Website der Beh\u00f6rde melden: <a href=\"https:\/\/dataprotection.gov.sk\/uoou\/sk\/dp\/dp-breach\">https:\/\/dataprotection.gov.sk\/uoou\/sk\/dp\/dp-breach<\/a><\/span>\n<h2><span style=\"font-size: 18pt;\">Sicherheit des Zahlungsverkehrs<\/span><\/h2>\n<span style=\"font-size: 14pt;\">Bitte geben Sie bei einer Bestellung keine Informationen an, die direkt mit der Handhabung von Geld auf Ihren Konten bei einer Bank\u00fcberweisung zusammenh\u00e4ngen. Alle Zahlungen werden nach Ihrer Wahl per Nachnahme oder bargeldlos per Internetbanking abgewickelt. Wenn Sie per Internetbanking bezahlen, kommen wir nicht mit Ihren Zahlungsdaten in Ber\u00fchrung.<\/span>","protected":false},"excerpt":{"rendered":"<p>Kto sme E-shop https:\/\/www.lama-bfc.sk je prev\u00e1dzkovan\u00fd spolo\u010dnos\u0165ou LAMA (Ing. Andrea Saynykov\u00e1, Obi\u0161ovce 54, 044 81 Ko\u0161ice.I\u010cO:47985984, zap\u00edsanou v odbore \u017eivnostensk\u00e9ho podnikania Komensk\u00e9ho 52, 041 26 Ko\u0161ice). &#8211; K sprac\u00favaniu Va\u0161ich osobn\u00fdch \u00fadajov pristupujeme len z\u00e1konn\u00fdm sp\u00f4sobom, profesion\u00e1lne a citlivo &#8211; Va\u0161e osobn\u00e9 \u00fadaje s\u00fa ulo\u017een\u00e9 v zabezpe\u010denom informa\u010dnom syst\u00e9me s SSL \u0161ifrovan\u00fdm pr\u00edstupom a firewallom [&hellip;]<\/p>","protected":false},"author":24,"featured_media":0,"parent":0,"menu_order":0,"comment_status":"closed","ping_status":"closed","template":"","meta":{"footnotes":""},"class_list":["post-1223","page","type-page","status-publish","hentry","no-thumb"],"jetpack_sharing_enabled":true,"_links":{"self":[{"href":"https:\/\/www.lama-bfc.sk\/de\/wp-json\/wp\/v2\/pages\/1223","targetHints":{"allow":["GET"]}}],"collection":[{"href":"https:\/\/www.lama-bfc.sk\/de\/wp-json\/wp\/v2\/pages"}],"about":[{"href":"https:\/\/www.lama-bfc.sk\/de\/wp-json\/wp\/v2\/types\/page"}],"author":[{"embeddable":true,"href":"https:\/\/www.lama-bfc.sk\/de\/wp-json\/wp\/v2\/users\/24"}],"replies":[{"embeddable":true,"href":"https:\/\/www.lama-bfc.sk\/de\/wp-json\/wp\/v2\/comments?post=1223"}],"version-history":[{"count":4,"href":"https:\/\/www.lama-bfc.sk\/de\/wp-json\/wp\/v2\/pages\/1223\/revisions"}],"predecessor-version":[{"id":4314,"href":"https:\/\/www.lama-bfc.sk\/de\/wp-json\/wp\/v2\/pages\/1223\/revisions\/4314"}],"wp:attachment":[{"href":"https:\/\/www.lama-bfc.sk\/de\/wp-json\/wp\/v2\/media?parent=1223"}],"curies":[{"name":"wp","href":"https:\/\/api.w.org\/{rel}","templated":true}]}}